{"id":30322,"date":"2026-03-02T05:35:08","date_gmt":"2026-03-02T05:35:08","guid":{"rendered":"https:\/\/dongildo.com\/politica-de-privacidad\/"},"modified":"2026-04-09T21:37:50","modified_gmt":"2026-04-09T21:37:50","slug":"politica-de-privacidad","status":"publish","type":"page","link":"https:\/\/dongildo.com\/es\/politica-de-privacidad\/","title":{"rendered":"Pol\u00edtica de Privacidad"},"content":{"rendered":"\n<h3 class=\"wp-block-heading\">1. Introducci\u00f3n<\/h3>\n\n<p>En Don Gildo Coffee, estamos comprometidos a proteger su privacidad y garantizar que su informaci\u00f3n personal se maneje de manera segura y responsable. Esta Pol\u00edtica de Privacidad describe c\u00f3mo recopilamos, utilizamos y protegemos sus datos cuando visita nuestro sitio web (dongildo.com) y compra nuestro caf\u00e9 de especialidad.<br\/><\/p>\n\n<h3 class=\"wp-block-heading\">2. Informaci\u00f3n que recopilamos<\/h3>\n\n<p>Cuando realiza una compra o intenta realizar una compra a trav\u00e9s de nuestro sitio, recopilamos cierta informaci\u00f3n de usted, que incluye:<\/p>\n\n<ul class=\"wp-block-list\">\n<li>Datos personales: Su nombre, direcci\u00f3n de facturaci\u00f3n, direcci\u00f3n de env\u00edo, direcci\u00f3n de correo electr\u00f3nico y n\u00famero de tel\u00e9fono.<\/li>\n\n\n\n<li>Informaci\u00f3n de pago: Utilizamos un procesador de pagos externo seguro (Stripe). No recopilamos, almacenamos ni tenemos acceso a los n\u00fameros completos de su tarjeta de cr\u00e9dito. Toda la informaci\u00f3n de pago es encriptada y manejada directamente por Stripe cumpliendo con los estrictos est\u00e1ndares de seguridad de la industria (PCI-DSS).<\/li>\n\n\n\n<li>Informaci\u00f3n del dispositivo: Recopilamos autom\u00e1ticamente cierta informaci\u00f3n sobre su dispositivo, incluida informaci\u00f3n sobre su navegador web, direcci\u00f3n IP y algunas de las cookies instaladas en su dispositivo para mejorar su experiencia de navegaci\u00f3n<\/li>\n<\/ul>\n\n<h3 class=\"wp-block-heading\">3. C\u00f3mo utilizamos su informaci\u00f3n<\/h3>\n\n<p>Utilizamos la informaci\u00f3n de los pedidos que recopilamos generalmente para cumplir con cualquier pedido realizado a trav\u00e9s del sitio (incluido el procesamiento de su informaci\u00f3n de pago, la organizaci\u00f3n del env\u00edo y el env\u00edo de facturas y\/o confirmaciones de pedido).<br\/> Adicionalmente, utilizamos esta informaci\u00f3n para:<\/p>\n\n<ul class=\"wp-block-list\">\n<li>Comunicarnos con usted con respecto a su pedido o estado de seguimiento.<\/li>\n\n\n\n<li>Examinar nuestros pedidos para detectar posibles riesgos o fraudes.<\/li>\n\n\n\n<li>Proporcionarle informaci\u00f3n o publicidad relacionada con nuestro caf\u00e9 premium (solo si ha optado por recibir dichas comunicaciones).<\/li>\n<\/ul>\n\n<h3 class=\"wp-block-heading\">4. Compartir su informaci\u00f3n personal<\/h3>\n\n<p>Compartimos su Informaci\u00f3n Personal con terceros de confianza para ayudarnos a operar nuestro negocio y cumplir con sus pedidos. Por ejemplo, utilizamos WooCommerce para gestionar nuestra tienda en l\u00ednea, Stripe para procesar pagos de forma segura y transportistas para entregar su caf\u00e9. No vendemos sus datos personales a terceros.<\/p>\n\n<h3 class=\"wp-block-heading\">5. Retenci\u00f3n de datos<\/h3>\n\n<p>Cuando realiza un pedido a trav\u00e9s del sitio, mantendremos su Informaci\u00f3n de Pedido para nuestros registros a menos que nos pida que eliminemos esta informaci\u00f3n.<br\/><\/p>\n\n<h3 class=\"wp-block-heading\">6. Cont\u00e1ctenos<\/h3>\n\n<p>Para obtener m\u00e1s informaci\u00f3n sobre nuestras pr\u00e1cticas de privacidad, si tiene preguntas o si desea presentar una queja, cont\u00e1ctenos por correo electr\u00f3nico a sales@dongildo.com.<\/p>\n\n<p><\/p>\n","protected":false},"excerpt":{"rendered":"<p>1. Introducci\u00f3n En Don Gildo Coffee, estamos comprometidos a proteger su privacidad y garantizar que su informaci\u00f3n personal se maneje<\/p>\n","protected":false},"author":1,"featured_media":0,"parent":0,"menu_order":0,"comment_status":"closed","ping_status":"closed","template":"","meta":{"footnotes":""},"class_list":["post-30322","page","type-page","status-publish","hentry"],"_hostinger_reach_plugin_has_subscription_block":false,"_hostinger_reach_plugin_is_elementor":false,"_links":{"self":[{"href":"https:\/\/dongildo.com\/es\/wp-json\/wp\/v2\/pages\/30322","targetHints":{"allow":["GET"]}}],"collection":[{"href":"https:\/\/dongildo.com\/es\/wp-json\/wp\/v2\/pages"}],"about":[{"href":"https:\/\/dongildo.com\/es\/wp-json\/wp\/v2\/types\/page"}],"author":[{"embeddable":true,"href":"https:\/\/dongildo.com\/es\/wp-json\/wp\/v2\/users\/1"}],"replies":[{"embeddable":true,"href":"https:\/\/dongildo.com\/es\/wp-json\/wp\/v2\/comments?post=30322"}],"version-history":[{"count":1,"href":"https:\/\/dongildo.com\/es\/wp-json\/wp\/v2\/pages\/30322\/revisions"}],"predecessor-version":[{"id":30324,"href":"https:\/\/dongildo.com\/es\/wp-json\/wp\/v2\/pages\/30322\/revisions\/30324"}],"wp:attachment":[{"href":"https:\/\/dongildo.com\/es\/wp-json\/wp\/v2\/media?parent=30322"}],"curies":[{"name":"wp","href":"https:\/\/api.w.org\/{rel}","templated":true}]}}