{"id":30250,"date":"2026-03-02T02:35:27","date_gmt":"2026-03-02T02:35:27","guid":{"rendered":"https:\/\/dongildo.com\/product\/variedad-castillo-proceso-honey\/"},"modified":"2026-03-02T02:35:27","modified_gmt":"2026-03-02T02:35:27","slug":"variedad-castillo-proceso-honey","status":"publish","type":"product","link":"https:\/\/dongildo.com\/es\/producto\/variedad-castillo-proceso-honey\/","title":{"rendered":"Variedad Castillo \u2013 Proceso Honey"},"content":{"rendered":"<p data-path-to-node=\"14,0\">Experimenta el equilibrio perfecto entre claridad y dulzura intensa con nuestro Castillo Proceso Honey. Proveniente de las fincas de gran altitud de El \u00c1guila, esta variedad es un testimonio de la elaboraci\u00f3n artesanal e innovadora del caf\u00e9.<\/p>\n<p data-path-to-node=\"14,1\">Durante el meticuloso Proceso Honey, removemos la piel de la cereza pero dejamos el muc\u00edlago pegajoso y rico en az\u00facares (la &#8216;miel&#8217;) en el grano mientras se seca al sol. Esta t\u00e9cnica artesanal permite que los az\u00facares naturales de la fruta fermenten y se integren directamente en el coraz\u00f3n del caf\u00e9. \u00bfEl resultado? Una taza fenomenalmente dulce que estalla con notas de durazno maduro y manzana crujiente, redondeada con un reconfortante final a vainilla. Tostado en Miami para ofrecer una taza diaria extraordinariamente suave y cremosa.<\/p>\n","protected":false},"excerpt":{"rendered":"<p>Origen: El \u00c1guila, Valle del Cauca Variedad: Castillo Proceso: Honey Puntaje SCA: 86.00<br \/>Notas de Cata: Durazno, Manzana, Vainilla y Miel.<br \/>Una taza lujosamente dulce. Secado al sol con su muc\u00edlago natural para sellar vibrantes notas frutales y un final cremoso, similar a un postre.<\/p>\n","protected":false},"featured_media":30008,"comment_status":"open","ping_status":"closed","template":"","meta":[],"product_brand":[],"product_cat":[127,125,126,102],"product_tag":[129,130,139,131,138,137],"class_list":{"0":"post-30250","1":"product","2":"type-product","3":"status-publish","4":"has-post-thumbnail","6":"product_cat-cafe-colombiano","7":"product_cat-cafe-de-especialidad","8":"product_cat-microlotes","9":"product_cat-sin-categorizar","10":"product_tag-cafe-colombiano","11":"product_tag-cafe-de-especialidad","12":"product_tag-castillo","13":"product_tag-microlote","14":"product_tag-proceso-honey","15":"product_tag-sca-86","16":"pa_process-honey","17":"pa_size-340g-12-oz","18":"pa_size-500g-17-6-oz","20":"first","21":"instock","22":"taxable","23":"shipping-taxable","24":"purchasable","25":"product-type-variable","26":"has-default-attributes"},"_links":{"self":[{"href":"https:\/\/dongildo.com\/es\/wp-json\/wp\/v2\/product\/30250","targetHints":{"allow":["GET"]}}],"collection":[{"href":"https:\/\/dongildo.com\/es\/wp-json\/wp\/v2\/product"}],"about":[{"href":"https:\/\/dongildo.com\/es\/wp-json\/wp\/v2\/types\/product"}],"replies":[{"embeddable":true,"href":"https:\/\/dongildo.com\/es\/wp-json\/wp\/v2\/comments?post=30250"}],"version-history":[{"count":0,"href":"https:\/\/dongildo.com\/es\/wp-json\/wp\/v2\/product\/30250\/revisions"}],"wp:featuredmedia":[{"embeddable":true,"href":"https:\/\/dongildo.com\/es\/wp-json\/wp\/v2\/media\/30008"}],"wp:attachment":[{"href":"https:\/\/dongildo.com\/es\/wp-json\/wp\/v2\/media?parent=30250"}],"wp:term":[{"taxonomy":"product_brand","embeddable":true,"href":"https:\/\/dongildo.com\/es\/wp-json\/wp\/v2\/product_brand?post=30250"},{"taxonomy":"product_cat","embeddable":true,"href":"https:\/\/dongildo.com\/es\/wp-json\/wp\/v2\/product_cat?post=30250"},{"taxonomy":"product_tag","embeddable":true,"href":"https:\/\/dongildo.com\/es\/wp-json\/wp\/v2\/product_tag?post=30250"}],"curies":[{"name":"wp","href":"https:\/\/api.w.org\/{rel}","templated":true}]}}