{"id":30254,"date":"2026-03-02T02:28:09","date_gmt":"2026-03-02T02:28:09","guid":{"rendered":"https:\/\/dongildo.com\/product\/variedad-geisha-proceso-lavado\/"},"modified":"2026-03-02T02:28:09","modified_gmt":"2026-03-02T02:28:09","slug":"variedad-geisha-proceso-lavado","status":"publish","type":"product","link":"https:\/\/dongildo.com\/es\/producto\/variedad-geisha-proceso-lavado\/","title":{"rendered":"Variedad Geisha \u2013 Proceso Lavado"},"content":{"rendered":"<p>Experimenta al rey indiscutible de las variedades de caf\u00e9 de especialidad. Cultivado con extremo cuidado en las grandes altitudes de El \u00c1guila, este exclusivo microlote de Geisha es una obra maestra sensorial. <\/p>\n<p>Mediante un meticuloso proceso Lavado, aseguramos que la claridad intr\u00ednseca y la delicada estructura del grano se conserven a la perfecci\u00f3n. Desde el primer sorbo, baila en el paladar con un cuerpo sofisticado, similar al del t\u00e9. Espera un elegante bouquet de flores blancas, realzado por una vibrante acidez a lim\u00f3n, y redondeado por un dulzor a miel persistente y reconfortante. Tostado en Miami para garantizar la m\u00e1xima frescura para el conocedor m\u00e1s exigente.   <\/p>\n","protected":false},"excerpt":{"rendered":"<p><em><strong>Origen: El \u00c1guila, Valle del Cauca<br \/>Variedad: Geisha Excepcional<\/strong><\/em><br \/>Proceso: Lavado Puntaje SCA: 85.75<br \/>Notas de Cata: Floral, Lim\u00f3n, Miel y T\u00e9 Blanco.<br \/>La c\u00faspide del caf\u00e9 de especialidad. Una experiencia delicada, similar a la del t\u00e9, con un elegante bouquet y un final brillantemente limpio.<\/p>\n","protected":false},"featured_media":30009,"comment_status":"open","ping_status":"closed","template":"","meta":[],"product_brand":[],"product_cat":[127,125,126,102],"product_tag":[129,130,142,133,131,141,132],"class_list":{"0":"post-30254","1":"product","2":"type-product","3":"status-publish","4":"has-post-thumbnail","6":"product_cat-cafe-colombiano","7":"product_cat-cafe-de-especialidad","8":"product_cat-microlotes","9":"product_cat-sin-categorizar","10":"product_tag-cafe-colombiano","11":"product_tag-cafe-de-especialidad","12":"product_tag-floral","13":"product_tag-geisha","14":"product_tag-microlote","15":"product_tag-proceso-lavado","16":"product_tag-sca-85","17":"pa_process-lavado","18":"pa_size-340g-12-oz","19":"pa_size-500g-17-6-oz","21":"first","22":"instock","23":"taxable","24":"shipping-taxable","25":"purchasable","26":"product-type-variable","27":"has-default-attributes"},"_links":{"self":[{"href":"https:\/\/dongildo.com\/es\/wp-json\/wp\/v2\/product\/30254","targetHints":{"allow":["GET"]}}],"collection":[{"href":"https:\/\/dongildo.com\/es\/wp-json\/wp\/v2\/product"}],"about":[{"href":"https:\/\/dongildo.com\/es\/wp-json\/wp\/v2\/types\/product"}],"replies":[{"embeddable":true,"href":"https:\/\/dongildo.com\/es\/wp-json\/wp\/v2\/comments?post=30254"}],"version-history":[{"count":0,"href":"https:\/\/dongildo.com\/es\/wp-json\/wp\/v2\/product\/30254\/revisions"}],"wp:featuredmedia":[{"embeddable":true,"href":"https:\/\/dongildo.com\/es\/wp-json\/wp\/v2\/media\/30009"}],"wp:attachment":[{"href":"https:\/\/dongildo.com\/es\/wp-json\/wp\/v2\/media?parent=30254"}],"wp:term":[{"taxonomy":"product_brand","embeddable":true,"href":"https:\/\/dongildo.com\/es\/wp-json\/wp\/v2\/product_brand?post=30254"},{"taxonomy":"product_cat","embeddable":true,"href":"https:\/\/dongildo.com\/es\/wp-json\/wp\/v2\/product_cat?post=30254"},{"taxonomy":"product_tag","embeddable":true,"href":"https:\/\/dongildo.com\/es\/wp-json\/wp\/v2\/product_tag?post=30254"}],"curies":[{"name":"wp","href":"https:\/\/api.w.org\/{rel}","templated":true}]}}